{"id":5903,"date":"2021-10-11T12:38:42","date_gmt":"2021-10-11T10:38:42","guid":{"rendered":"https:\/\/solar.darynchook.com\/?page_id=5903"},"modified":"2023-02-06T21:43:43","modified_gmt":"2023-02-06T20:43:43","slug":"careguide","status":"publish","type":"page","link":"https:\/\/www.darynchook.com\/fr\/careguide\/","title":{"rendered":"Guide des soins"},"content":{"rendered":"<div data-elementor-type=\"wp-page\" data-elementor-id=\"5903\" class=\"elementor elementor-5903\">\n\t\t\t\t\t\t\t\t\t<section class=\"elementor-section elementor-top-section elementor-element elementor-element-74367457 elementor-section-full_width elementor-section-height-default elementor-section-height-default\" data-id=\"74367457\" data-element_type=\"section\" data-settings=\"{&quot;background_background&quot;:&quot;classic&quot;}\">\n\t\t\t\t\t\t<div class=\"elementor-container elementor-column-gap-default\">\n\t\t\t\t\t<div class=\"elementor-column elementor-col-100 elementor-top-column elementor-element elementor-element-42f8e5d4\" data-id=\"42f8e5d4\" data-element_type=\"column\">\n\t\t\t<div class=\"elementor-widget-wrap elementor-element-populated\">\n\t\t\t\t\t\t\t\t<div class=\"elementor-element elementor-element-38ad460f elementor-widget elementor-widget-text-editor\" data-id=\"38ad460f\" data-element_type=\"widget\" data-widget_type=\"text-editor.default\">\n\t\t\t\t<div class=\"elementor-widget-container\">\n\t\t\t\t\t\t\t<p>Un bon entretien n'influence pas seulement la dur\u00e9e de vie du v\u00eatement, mais aussi l'environnement. Plus des deux tiers de l'impact environnemental sont dus au nettoyage et \u00e0 l'entretien au cours de la vie d'un v\u00eatement. Il est tr\u00e8s facile de minimiser son empreinte \u00e9cologique. Nous t'expliquons comment entretenir et nettoyer tes v\u00eatements de mani\u00e8re durable.<\/p>\t\t\t\t\t\t<\/div>\n\t\t\t\t<\/div>\n\t\t\t\t\t<\/div>\n\t\t<\/div>\n\t\t\t\t\t\t\t<\/div>\n\t\t<\/section>\n\t\t\t\t<section class=\"elementor-section elementor-top-section elementor-element elementor-element-6cc8ad06 elementor-section-full_width elementor-section-height-default elementor-section-height-default\" data-id=\"6cc8ad06\" data-element_type=\"section\">\n\t\t\t\t\t\t<div class=\"elementor-container elementor-column-gap-default\">\n\t\t\t\t\t<div class=\"elementor-column elementor-col-33 elementor-top-column elementor-element elementor-element-4cb2145b\" data-id=\"4cb2145b\" data-element_type=\"column\">\n\t\t\t<div class=\"elementor-widget-wrap\">\n\t\t\t\t\t\t\t\t\t<\/div>\n\t\t<\/div>\n\t\t\t\t<div class=\"elementor-column elementor-col-33 elementor-top-column elementor-element elementor-element-7acbb409\" data-id=\"7acbb409\" data-element_type=\"column\">\n\t\t\t<div class=\"elementor-widget-wrap elementor-element-populated\">\n\t\t\t\t\t\t\t\t<div class=\"elementor-element elementor-element-539776b9 elementor-widget elementor-widget-text-editor\" data-id=\"539776b9\" data-element_type=\"widget\" data-widget_type=\"text-editor.default\">\n\t\t\t\t<div class=\"elementor-widget-container\">\n\t\t\t\t\t\t\t<p><span style=\"text-transform: none;\">CARE GUIDE<\/span><\/p>\t\t\t\t\t\t<\/div>\n\t\t\t\t<\/div>\n\t\t\t\t\t<\/div>\n\t\t<\/div>\n\t\t\t\t<div class=\"elementor-column elementor-col-33 elementor-top-column elementor-element elementor-element-2e822e7f\" data-id=\"2e822e7f\" data-element_type=\"column\">\n\t\t\t<div class=\"elementor-widget-wrap\">\n\t\t\t\t\t\t\t\t\t<\/div>\n\t\t<\/div>\n\t\t\t\t\t\t\t<\/div>\n\t\t<\/section>\n\t\t\t\t<section class=\"elementor-section elementor-top-section elementor-element elementor-element-18d7ffec elementor-section-full_width elementor-section-height-default elementor-section-height-default\" data-id=\"18d7ffec\" data-element_type=\"section\">\n\t\t\t\t\t\t<div class=\"elementor-container elementor-column-gap-default\">\n\t\t\t\t\t<div class=\"elementor-column elementor-col-50 elementor-top-column elementor-element elementor-element-6364ecba\" data-id=\"6364ecba\" data-element_type=\"column\">\n\t\t\t<div class=\"elementor-widget-wrap elementor-element-populated\">\n\t\t\t\t\t\t\t\t<div class=\"elementor-element elementor-element-4a79d880 elementor-widget elementor-widget-text-editor\" data-id=\"4a79d880\" data-element_type=\"widget\" data-widget_type=\"text-editor.default\">\n\t\t\t\t<div class=\"elementor-widget-container\">\n\t\t\t\t\t\t\t<h2>TENCEL\u2122, REFIBRA\u2122,<br>Coton bio, lin<\/h2>\t\t\t\t\t\t<\/div>\n\t\t\t\t<\/div>\n\t\t\t\t\t<\/div>\n\t\t<\/div>\n\t\t\t\t<div class=\"elementor-column elementor-col-50 elementor-top-column elementor-element elementor-element-379545e1\" data-id=\"379545e1\" data-element_type=\"column\">\n\t\t\t<div class=\"elementor-widget-wrap elementor-element-populated\">\n\t\t\t\t\t\t\t\t<div class=\"elementor-element elementor-element-3ed303df elementor-widget elementor-widget-text-editor\" data-id=\"3ed303df\" data-element_type=\"widget\" data-widget_type=\"text-editor.default\">\n\t\t\t\t<div class=\"elementor-widget-container\">\n\t\t\t\t\t\t\t<ul><li>Lavage en machine \u00e0 basse temp\u00e9rature : 30\u00b0C pr\u00e9serve les fibres et \u00e9conomise de l'\u00e9nergie. Il est pr\u00e9f\u00e9rable d'utiliser une lessive biod\u00e9gradable.<\/li><li>\u00c9viter de pr\u00e9f\u00e9rence le s\u00e9chage en machine - il est pr\u00e9f\u00e9rable de suspendre les v\u00eatements \u00e0 l'air libre pendant la nuit. <\/li><li>Le nettoyage \u00e0 sec n'est pas n\u00e9cessaire.<\/li><li>Repasser \u00e0 temp\u00e9rature moyenne \u00e0 \u00e9lev\u00e9e.<\/li><\/ul>\t\t\t\t\t\t<\/div>\n\t\t\t\t<\/div>\n\t\t\t\t\t<\/div>\n\t\t<\/div>\n\t\t\t\t\t\t\t<\/div>\n\t\t<\/section>\n\t\t\t\t<section class=\"elementor-section elementor-top-section elementor-element elementor-element-5c418eb4 elementor-section-full_width elementor-section-height-default elementor-section-height-default\" data-id=\"5c418eb4\" data-element_type=\"section\">\n\t\t\t\t\t\t<div class=\"elementor-container elementor-column-gap-default\">\n\t\t\t\t\t<div class=\"elementor-column elementor-col-50 elementor-top-column elementor-element elementor-element-4a4db3d\" data-id=\"4a4db3d\" data-element_type=\"column\">\n\t\t\t<div class=\"elementor-widget-wrap elementor-element-populated\">\n\t\t\t\t\t\t\t\t<div class=\"elementor-element elementor-element-524dafa8 elementor-widget elementor-widget-text-editor\" data-id=\"524dafa8\" data-element_type=\"widget\" data-widget_type=\"text-editor.default\">\n\t\t\t\t<div class=\"elementor-widget-container\">\n\t\t\t\t\t\t\t<h2>Laine bio, laine kbT,<br> laine de loden, laine m\u00e9rinos<\/h2>\t\t\t\t\t\t<\/div>\n\t\t\t\t<\/div>\n\t\t\t\t\t<\/div>\n\t\t<\/div>\n\t\t\t\t<div class=\"elementor-column elementor-col-50 elementor-top-column elementor-element elementor-element-6582acbe\" data-id=\"6582acbe\" data-element_type=\"column\">\n\t\t\t<div class=\"elementor-widget-wrap elementor-element-populated\">\n\t\t\t\t\t\t\t\t<div class=\"elementor-element elementor-element-7ff1ae4d elementor-widget elementor-widget-text-editor\" data-id=\"7ff1ae4d\" data-element_type=\"widget\" data-widget_type=\"text-editor.default\">\n\t\t\t\t<div class=\"elementor-widget-container\">\n\t\t\t\t\t\t\t<ul><li>Ne pas les laver - il vaut mieux les suspendre \u00e0 l'air frais pendant la nuit pour les a\u00e9rer.<\/li><li>La laine est autonettoyante, surtout lorsqu'elle est associ\u00e9e \u00e0 l'air frais.<\/li><li>Laver \u00e0 la main \u00e0 l'eau froide, de pr\u00e9f\u00e9rence avec une lessive pour laine biod\u00e9gradable.<\/li><li>Ne pas s\u00e9cher au s\u00e8che-linge, \u00e0 la lumi\u00e8re du soleil ou sur le chauffage.<\/li><li>Pour s\u00e9cher, presser l\u00e9g\u00e8rement et poser \u00e0 plat contre la serviette.<\/li><li>Repasser \u00e0 basse temp\u00e9rature.<\/li><\/ul>\t\t\t\t\t\t<\/div>\n\t\t\t\t<\/div>\n\t\t\t\t\t<\/div>\n\t\t<\/div>\n\t\t\t\t\t\t\t<\/div>\n\t\t<\/section>\n\t\t\t\t<section class=\"elementor-section elementor-top-section elementor-element elementor-element-71e60af9 elementor-section-full_width elementor-section-height-default elementor-section-height-default\" data-id=\"71e60af9\" data-element_type=\"section\">\n\t\t\t\t\t\t<div class=\"elementor-container elementor-column-gap-default\">\n\t\t\t\t\t<div class=\"elementor-column elementor-col-50 elementor-top-column elementor-element elementor-element-44f5a4a4\" data-id=\"44f5a4a4\" data-element_type=\"column\">\n\t\t\t<div class=\"elementor-widget-wrap elementor-element-populated\">\n\t\t\t\t\t\t\t\t<div class=\"elementor-element elementor-element-34429fb9 elementor-widget elementor-widget-text-editor\" data-id=\"34429fb9\" data-element_type=\"widget\" data-widget_type=\"text-editor.default\">\n\t\t\t\t<div class=\"elementor-widget-container\">\n\t\t\t\t\t\t\t<h2>Nylon thermoactif<\/h2>\t\t\t\t\t\t<\/div>\n\t\t\t\t<\/div>\n\t\t\t\t\t<\/div>\n\t\t<\/div>\n\t\t\t\t<div class=\"elementor-column elementor-col-50 elementor-top-column elementor-element elementor-element-346c7349\" data-id=\"346c7349\" data-element_type=\"column\">\n\t\t\t<div class=\"elementor-widget-wrap elementor-element-populated\">\n\t\t\t\t\t\t\t\t<div class=\"elementor-element elementor-element-3a7ac0df elementor-widget elementor-widget-text-editor\" data-id=\"3a7ac0df\" data-element_type=\"widget\" data-widget_type=\"text-editor.default\">\n\t\t\t\t<div class=\"elementor-widget-container\">\n\t\t\t\t\t\t\t<ul><li>Lavage en machine \u00e0 basse temp\u00e9rature avec un produit d'impr\u00e9gnation \u00e9cologique pour les v\u00eatements de protection contre les intemp\u00e9ries.<\/li><li>\u00c9viter de pr\u00e9f\u00e9rence le s\u00e9chage en machine - il est pr\u00e9f\u00e9rable de suspendre les v\u00eatements \u00e0 l'air libre pendant la nuit.<\/li><li>Repasser ou cuire \u00e0 la vapeur \u00e0 basse temp\u00e9rature pour g\u00e9n\u00e9rer un effet thermoactif.<\/li><\/ul>\t\t\t\t\t\t<\/div>\n\t\t\t\t<\/div>\n\t\t\t\t\t<\/div>\n\t\t<\/div>\n\t\t\t\t\t\t\t<\/div>\n\t\t<\/section>\n\t\t\t\t<section class=\"elementor-section elementor-top-section elementor-element elementor-element-75583de0 elementor-section-full_width elementor-reverse-mobile elementor-section-height-default elementor-section-height-default\" data-id=\"75583de0\" data-element_type=\"section\">\n\t\t\t\t\t\t<div class=\"elementor-container elementor-column-gap-default\">\n\t\t\t\t\t<div class=\"elementor-column elementor-col-20 elementor-top-column elementor-element elementor-element-112233e2\" data-id=\"112233e2\" data-element_type=\"column\">\n\t\t\t<div class=\"elementor-widget-wrap elementor-element-populated\">\n\t\t\t\t\t\t\t\t<div class=\"elementor-element elementor-element-33d0a588 elementor-widget elementor-widget-text-editor\" data-id=\"33d0a588\" data-element_type=\"widget\" data-widget_type=\"text-editor.default\">\n\t\t\t\t<div class=\"elementor-widget-container\">\n\t\t\t\t\t\t\t\t\t\t\t\t\t<\/div>\n\t\t\t\t<\/div>\n\t\t\t\t\t<\/div>\n\t\t<\/div>\n\t\t\t\t<div class=\"elementor-column elementor-col-20 elementor-top-column elementor-element elementor-element-75c01048\" data-id=\"75c01048\" data-element_type=\"column\">\n\t\t\t<div class=\"elementor-widget-wrap elementor-element-populated\">\n\t\t\t\t\t\t\t\t<div class=\"elementor-element elementor-element-11e184f4 elementor-widget elementor-widget-text-editor\" data-id=\"11e184f4\" data-element_type=\"widget\" data-widget_type=\"text-editor.default\">\n\t\t\t\t<div class=\"elementor-widget-container\">\n\t\t\t\t\t\t\t\t\t\t\t\t\t<\/div>\n\t\t\t\t<\/div>\n\t\t\t\t\t<\/div>\n\t\t<\/div>\n\t\t\t\t<div class=\"elementor-column elementor-col-20 elementor-top-column elementor-element elementor-element-132f9b45\" data-id=\"132f9b45\" data-element_type=\"column\">\n\t\t\t<div class=\"elementor-widget-wrap elementor-element-populated\">\n\t\t\t\t\t\t\t\t<div class=\"elementor-element elementor-element-3734a417 elementor-widget elementor-widget-text-editor\" data-id=\"3734a417\" data-element_type=\"widget\" data-widget_type=\"text-editor.default\">\n\t\t\t\t<div class=\"elementor-widget-container\">\n\t\t\t\t\t\t\t\t\t\t\t\t\t<\/div>\n\t\t\t\t<\/div>\n\t\t\t\t\t<\/div>\n\t\t<\/div>\n\t\t\t\t<div class=\"elementor-column elementor-col-20 elementor-top-column elementor-element elementor-element-f4b5e5b\" data-id=\"f4b5e5b\" data-element_type=\"column\">\n\t\t\t<div class=\"elementor-widget-wrap elementor-element-populated\">\n\t\t\t\t\t\t\t\t<div class=\"elementor-element elementor-element-583d0958 elementor-widget elementor-widget-text-editor\" data-id=\"583d0958\" data-element_type=\"widget\" data-widget_type=\"text-editor.default\">\n\t\t\t\t<div class=\"elementor-widget-container\">\n\t\t\t\t\t\t\t\t\t\t\t\t\t<\/div>\n\t\t\t\t<\/div>\n\t\t\t\t\t<\/div>\n\t\t<\/div>\n\t\t\t\t<div class=\"elementor-column elementor-col-20 elementor-top-column elementor-element elementor-element-590dff31\" data-id=\"590dff31\" data-element_type=\"column\">\n\t\t\t<div class=\"elementor-widget-wrap elementor-element-populated\">\n\t\t\t\t\t\t\t\t<div class=\"elementor-element elementor-element-1638a220 elementor-widget elementor-widget-text-editor\" data-id=\"1638a220\" data-element_type=\"widget\" data-widget_type=\"text-editor.default\">\n\t\t\t\t<div class=\"elementor-widget-container\">\n\t\t\t\t\t\t\t\t\t\t\t\t\t<\/div>\n\t\t\t\t<\/div>\n\t\t\t\t\t<\/div>\n\t\t<\/div>\n\t\t\t\t\t\t\t<\/div>\n\t\t<\/section>\n\t\t\t\t<section class=\"elementor-section elementor-top-section elementor-element elementor-element-b3be375 elementor-section-boxed elementor-section-height-default elementor-section-height-default\" data-id=\"b3be375\" data-element_type=\"section\">\n\t\t\t\t\t\t<div class=\"elementor-container elementor-column-gap-default\">\n\t\t\t\t\t<div class=\"elementor-column elementor-col-100 elementor-top-column elementor-element elementor-element-40de677\" data-id=\"40de677\" data-element_type=\"column\">\n\t\t\t<div class=\"elementor-widget-wrap\">\n\t\t\t\t\t\t\t\t\t<\/div>\n\t\t<\/div>\n\t\t\t\t\t\t\t<\/div>\n\t\t<\/section>\n\t\t\t\t<section class=\"elementor-section elementor-top-section elementor-element elementor-element-67c5836f elementor-section-full_width elementor-reverse-mobile elementor-section-height-default elementor-section-height-default\" data-id=\"67c5836f\" data-element_type=\"section\">\n\t\t\t\t\t\t<div class=\"elementor-container elementor-column-gap-default\">\n\t\t\t\t\t<div class=\"elementor-column elementor-col-33 elementor-top-column elementor-element elementor-element-c6bb101\" data-id=\"c6bb101\" data-element_type=\"column\">\n\t\t\t<div class=\"elementor-widget-wrap elementor-element-populated\">\n\t\t\t\t\t\t\t\t<div class=\"elementor-element elementor-element-4777a0f9 elementor-widget elementor-widget-text-editor\" data-id=\"4777a0f9\" data-element_type=\"widget\" data-widget_type=\"text-editor.default\">\n\t\t\t\t<div class=\"elementor-widget-container\">\n\t\t\t\t\t\t\t\t\t\t\t\t\t<\/div>\n\t\t\t\t<\/div>\n\t\t\t\t\t<\/div>\n\t\t<\/div>\n\t\t\t\t<div class=\"elementor-column elementor-col-33 elementor-top-column elementor-element elementor-element-3d8bacb2\" data-id=\"3d8bacb2\" data-element_type=\"column\">\n\t\t\t<div class=\"elementor-widget-wrap elementor-element-populated\">\n\t\t\t\t\t\t\t\t<div class=\"elementor-element elementor-element-34bbfc3e elementor-widget elementor-widget-text-editor\" data-id=\"34bbfc3e\" data-element_type=\"widget\" data-widget_type=\"text-editor.default\">\n\t\t\t\t<div class=\"elementor-widget-container\">\n\t\t\t\t\t\t\t<p>Chacun de nos v\u00eatements est muni d'une \u00e9tiquette d'entretien qui fournit des recommandations sur les meilleurs soins \u00e0 apporter.<\/p><p>De plus, tu trouveras les m\u00eames informations dans la boutique en ligne, sur la page produit correspondante.\u00a0<\/p><p>En cas de doute, n'h\u00e9site pas \u00e0 nous envoyer un e-mail \u00e0 l'adresse suivante\u00a0<a href=\"mailto:help@darynchook.com\">help@darynchook.com<\/a><\/p>\t\t\t\t\t\t<\/div>\n\t\t\t\t<\/div>\n\t\t\t\t\t<\/div>\n\t\t<\/div>\n\t\t\t\t<div class=\"elementor-column elementor-col-33 elementor-top-column elementor-element elementor-element-3210101e\" data-id=\"3210101e\" data-element_type=\"column\">\n\t\t\t<div class=\"elementor-widget-wrap elementor-element-populated\">\n\t\t\t\t\t\t\t\t<div class=\"elementor-element elementor-element-6b316bae elementor-widget elementor-widget-image\" data-id=\"6b316bae\" data-element_type=\"widget\" data-widget_type=\"image.default\">\n\t\t\t\t<div class=\"elementor-widget-container\">\n\t\t\t\t\t\t\t\t\t\t\t\t\t\t\t<img decoding=\"async\" src=\"https:\/\/www.darynchook.com\/wordpress\/wp-content\/uploads\/2021\/08\/IMG_6160nknk@2x.png\" title=\"\" alt=\"\" loading=\"lazy\" \/>\t\t\t\t\t\t\t\t\t\t\t\t\t\t\t<\/div>\n\t\t\t\t<\/div>\n\t\t\t\t\t<\/div>\n\t\t<\/div>\n\t\t\t\t\t\t\t<\/div>\n\t\t<\/section>\n\t\t\t\t<section class=\"elementor-section elementor-top-section elementor-element elementor-element-60625c6 elementor-section-boxed elementor-section-height-default elementor-section-height-default\" data-id=\"60625c6\" data-element_type=\"section\">\n\t\t\t\t\t\t<div class=\"elementor-container elementor-column-gap-default\">\n\t\t\t\t\t<div class=\"elementor-column elementor-col-100 elementor-top-column elementor-element elementor-element-a6432c4\" data-id=\"a6432c4\" data-element_type=\"column\">\n\t\t\t<div class=\"elementor-widget-wrap elementor-element-populated\">\n\t\t\t\t\t\t\t\t<div class=\"elementor-element elementor-element-8fa5e49 elementor-widget elementor-widget-spacer\" data-id=\"8fa5e49\" data-element_type=\"widget\" data-widget_type=\"spacer.default\">\n\t\t\t\t<div class=\"elementor-widget-container\">\n\t\t\t\t\t<div class=\"elementor-spacer\">\n\t\t\t<div class=\"elementor-spacer-inner\"><\/div>\n\t\t<\/div>\n\t\t\t\t<\/div>\n\t\t\t\t<\/div>\n\t\t\t\t\t<\/div>\n\t\t<\/div>\n\t\t\t\t\t\t\t<\/div>\n\t\t<\/section>\n\t\t\t\t\t\t\t<\/div>","protected":false},"excerpt":{"rendered":"<p>Richtige Pflege beeinflusst nicht nur die Lebensdauer des Kleidungsst\u00fccks, sondern auch die Umwelt. Mehr als 2\/3 des Umwelteinflusses entstehen im Laufe der Lebensspanne durch Reinigung und Pflege. Es ist sehr leicht, den \u00f6kologischen Fu\u00dfabdruck zu minimieren. Wir erkl\u00e4ren dir, wie du nachhaltig deine Kleidung pflegen und reinigen kannst. CARE GUIDE TENCEL\u2122, REFIBRA\u2122, Bio Baumwolle, Leinen [&hellip;]<\/p>","protected":false},"author":3,"featured_media":0,"parent":0,"menu_order":0,"comment_status":"closed","ping_status":"closed","template":"","meta":[],"acf":[],"yoast_head":"<!-- This site is optimized with the Yoast SEO plugin v21.8 - https:\/\/yoast.com\/wordpress\/plugins\/seo\/ -->\n<title>Care Guide<\/title>\n<meta name=\"description\" content=\"Richtige Pflege beeinflusst die Lebensdauer des Kleidungsst\u00fccks. Wir helfen dir, deine Kleidung nachhaltig zu pflegen und zu reinigen.\" \/>\n<meta name=\"robots\" content=\"index, follow, max-snippet:-1, max-image-preview:large, max-video-preview:-1\" \/>\n<link rel=\"canonical\" href=\"https:\/\/www.darynchook.com\/fr\/careguide\/\" \/>\n<meta property=\"og:locale\" content=\"fr_FR\" \/>\n<meta property=\"og:type\" content=\"article\" \/>\n<meta property=\"og:title\" content=\"Care Guide\" \/>\n<meta property=\"og:description\" content=\"Richtige Pflege beeinflusst die Lebensdauer des Kleidungsst\u00fccks. Wir helfen dir, deine Kleidung nachhaltig zu pflegen und zu reinigen.\" \/>\n<meta property=\"og:url\" content=\"https:\/\/www.darynchook.com\/fr\/careguide\/\" \/>\n<meta property=\"og:site_name\" content=\"DARYN CHOOK | Made in Vienna\" \/>\n<meta property=\"article:publisher\" content=\"https:\/\/www.facebook.com\/darynchook\" \/>\n<meta property=\"article:modified_time\" content=\"2023-02-06T20:43:43+00:00\" \/>\n<meta property=\"og:image\" content=\"https:\/\/www.darynchook.com\/wordpress\/wp-content\/uploads\/2021\/08\/IMG_6160nknk@2x.png\" \/>\n<meta name=\"twitter:card\" content=\"summary_large_image\" \/>\n<meta name=\"twitter:label1\" content=\"Dur\u00e9e de lecture estim\u00e9e\" \/>\n\t<meta name=\"twitter:data1\" content=\"2 minutes\" \/>\n<script type=\"application\/ld+json\" class=\"yoast-schema-graph\">{\"@context\":\"https:\/\/schema.org\",\"@graph\":[{\"@type\":\"WebPage\",\"@id\":\"https:\/\/www.darynchook.com\/careguide\/\",\"url\":\"https:\/\/www.darynchook.com\/careguide\/\",\"name\":\"Care Guide\",\"isPartOf\":{\"@id\":\"https:\/\/www.darynchook.com\/#website\"},\"datePublished\":\"2021-10-11T10:38:42+00:00\",\"dateModified\":\"2023-02-06T20:43:43+00:00\",\"description\":\"Richtige Pflege beeinflusst die Lebensdauer des Kleidungsst\u00fccks. Wir helfen dir, deine Kleidung nachhaltig zu pflegen und zu reinigen.\",\"breadcrumb\":{\"@id\":\"https:\/\/www.darynchook.com\/careguide\/#breadcrumb\"},\"inLanguage\":\"fr-FR\",\"potentialAction\":[{\"@type\":\"ReadAction\",\"target\":[\"https:\/\/www.darynchook.com\/careguide\/\"]}]},{\"@type\":\"BreadcrumbList\",\"@id\":\"https:\/\/www.darynchook.com\/careguide\/#breadcrumb\",\"itemListElement\":[{\"@type\":\"ListItem\",\"position\":1,\"name\":\"Home\",\"item\":\"https:\/\/www.darynchook.com\/\"},{\"@type\":\"ListItem\",\"position\":2,\"name\":\"Care Guide\"}]},{\"@type\":\"WebSite\",\"@id\":\"https:\/\/www.darynchook.com\/#website\",\"url\":\"https:\/\/www.darynchook.com\/\",\"name\":\"DARYN CHOOK | Made in Vienna\",\"description\":\"DARYN CHOOK ist ein entschleunigtes, nachhaltiges und radikal transparentes Studio f\u00fcr Mode.\",\"publisher\":{\"@id\":\"https:\/\/www.darynchook.com\/#organization\"},\"potentialAction\":[{\"@type\":\"SearchAction\",\"target\":{\"@type\":\"EntryPoint\",\"urlTemplate\":\"https:\/\/www.darynchook.com\/?s={search_term_string}\"},\"query-input\":\"required name=search_term_string\"}],\"inLanguage\":\"fr-FR\"},{\"@type\":\"Organization\",\"@id\":\"https:\/\/www.darynchook.com\/#organization\",\"name\":\"DARYN CHOOK\",\"url\":\"https:\/\/www.darynchook.com\/\",\"logo\":{\"@type\":\"ImageObject\",\"inLanguage\":\"fr-FR\",\"@id\":\"https:\/\/www.darynchook.com\/#\/schema\/logo\/image\/\",\"url\":\"https:\/\/www.darynchook.com\/wordpress\/wp-content\/uploads\/2021\/10\/DARYN-CHOOK-logo.png\",\"contentUrl\":\"https:\/\/www.darynchook.com\/wordpress\/wp-content\/uploads\/2021\/10\/DARYN-CHOOK-logo.png\",\"width\":686,\"height\":171,\"caption\":\"DARYN CHOOK\"},\"image\":{\"@id\":\"https:\/\/www.darynchook.com\/#\/schema\/logo\/image\/\"},\"sameAs\":[\"https:\/\/www.facebook.com\/darynchook\",\"https:\/\/www.instagram.com\/darynchook\/\"]}]}<\/script>\n<!-- \/ Yoast SEO plugin. -->","yoast_head_json":{"title":"Care Guide","description":"Richtige Pflege beeinflusst die Lebensdauer des Kleidungsst\u00fccks. Wir helfen dir, deine Kleidung nachhaltig zu pflegen und zu reinigen.","robots":{"index":"index","follow":"follow","max-snippet":"max-snippet:-1","max-image-preview":"max-image-preview:large","max-video-preview":"max-video-preview:-1"},"canonical":"https:\/\/www.darynchook.com\/fr\/careguide\/","og_locale":"fr_FR","og_type":"article","og_title":"Care Guide","og_description":"Richtige Pflege beeinflusst die Lebensdauer des Kleidungsst\u00fccks. Wir helfen dir, deine Kleidung nachhaltig zu pflegen und zu reinigen.","og_url":"https:\/\/www.darynchook.com\/fr\/careguide\/","og_site_name":"DARYN CHOOK | Made in Vienna","article_publisher":"https:\/\/www.facebook.com\/darynchook","article_modified_time":"2023-02-06T20:43:43+00:00","og_image":[{"url":"https:\/\/www.darynchook.com\/wordpress\/wp-content\/uploads\/2021\/08\/IMG_6160nknk@2x.png"}],"twitter_card":"summary_large_image","twitter_misc":{"Dur\u00e9e de lecture estim\u00e9e":"2 minutes"},"schema":{"@context":"https:\/\/schema.org","@graph":[{"@type":"WebPage","@id":"https:\/\/www.darynchook.com\/careguide\/","url":"https:\/\/www.darynchook.com\/careguide\/","name":"Care Guide","isPartOf":{"@id":"https:\/\/www.darynchook.com\/#website"},"datePublished":"2021-10-11T10:38:42+00:00","dateModified":"2023-02-06T20:43:43+00:00","description":"Richtige Pflege beeinflusst die Lebensdauer des Kleidungsst\u00fccks. Wir helfen dir, deine Kleidung nachhaltig zu pflegen und zu reinigen.","breadcrumb":{"@id":"https:\/\/www.darynchook.com\/careguide\/#breadcrumb"},"inLanguage":"fr-FR","potentialAction":[{"@type":"ReadAction","target":["https:\/\/www.darynchook.com\/careguide\/"]}]},{"@type":"BreadcrumbList","@id":"https:\/\/www.darynchook.com\/careguide\/#breadcrumb","itemListElement":[{"@type":"ListItem","position":1,"name":"Home","item":"https:\/\/www.darynchook.com\/"},{"@type":"ListItem","position":2,"name":"Care Guide"}]},{"@type":"WebSite","@id":"https:\/\/www.darynchook.com\/#website","url":"https:\/\/www.darynchook.com\/","name":"DARYN CHOOK | Made in Vienna","description":"DARYN CHOOK ist ein entschleunigtes, nachhaltiges und radikal transparentes Studio f\u00fcr Mode.","publisher":{"@id":"https:\/\/www.darynchook.com\/#organization"},"potentialAction":[{"@type":"SearchAction","target":{"@type":"EntryPoint","urlTemplate":"https:\/\/www.darynchook.com\/?s={search_term_string}"},"query-input":"required name=search_term_string"}],"inLanguage":"fr-FR"},{"@type":"Organization","@id":"https:\/\/www.darynchook.com\/#organization","name":"DARYN CHOOK","url":"https:\/\/www.darynchook.com\/","logo":{"@type":"ImageObject","inLanguage":"fr-FR","@id":"https:\/\/www.darynchook.com\/#\/schema\/logo\/image\/","url":"https:\/\/www.darynchook.com\/wordpress\/wp-content\/uploads\/2021\/10\/DARYN-CHOOK-logo.png","contentUrl":"https:\/\/www.darynchook.com\/wordpress\/wp-content\/uploads\/2021\/10\/DARYN-CHOOK-logo.png","width":686,"height":171,"caption":"DARYN CHOOK"},"image":{"@id":"https:\/\/www.darynchook.com\/#\/schema\/logo\/image\/"},"sameAs":["https:\/\/www.facebook.com\/darynchook","https:\/\/www.instagram.com\/darynchook\/"]}]}},"_links":{"self":[{"href":"https:\/\/www.darynchook.com\/fr\/wp-json\/wp\/v2\/pages\/5903"}],"collection":[{"href":"https:\/\/www.darynchook.com\/fr\/wp-json\/wp\/v2\/pages"}],"about":[{"href":"https:\/\/www.darynchook.com\/fr\/wp-json\/wp\/v2\/types\/page"}],"author":[{"embeddable":true,"href":"https:\/\/www.darynchook.com\/fr\/wp-json\/wp\/v2\/users\/3"}],"replies":[{"embeddable":true,"href":"https:\/\/www.darynchook.com\/fr\/wp-json\/wp\/v2\/comments?post=5903"}],"version-history":[{"count":1,"href":"https:\/\/www.darynchook.com\/fr\/wp-json\/wp\/v2\/pages\/5903\/revisions"}],"predecessor-version":[{"id":15715,"href":"https:\/\/www.darynchook.com\/fr\/wp-json\/wp\/v2\/pages\/5903\/revisions\/15715"}],"wp:attachment":[{"href":"https:\/\/www.darynchook.com\/fr\/wp-json\/wp\/v2\/media?parent=5903"}],"curies":[{"name":"wp","href":"https:\/\/api.w.org\/{rel}","templated":true}]}}