{"id":14698,"date":"2023-11-28T18:47:22","date_gmt":"2023-11-28T17:47:22","guid":{"rendered":"https:\/\/solar.darynchook.com\/?post_type=product&#038;p=14698"},"modified":"2025-06-30T12:45:22","modified_gmt":"2025-06-30T10:45:22","slug":"enspannte-recycelte-hose-mit-gummibund","status":"publish","type":"product","link":"https:\/\/www.darynchook.com\/fr\/produit\/enspannte-recycelte-hose-mit-gummibund\/","title":{"rendered":"Pantalon d\u00e9contract\u00e9 recycl\u00e9 avec ceinture \u00e9lastique, REFIBRA\u2122"},"content":{"rendered":"","protected":false},"excerpt":{"rendered":"<p class=\"p1\">002.U.0106<\/p>\n<p class=\"p1\">Un pantalon d\u00e9contract\u00e9 et confortable en tissu robuste mais doux, fabriqu\u00e9 \u00e0 partir de 73% de v\u00eatements recycl\u00e9s et d'eucalyptus. La part de stretch permet au pantalon d'\u00e9voluer avec toi dans tes d\u00e9fis quotidiens. Les r\u00e9gleurs sur l'ourlet du pantalon permettent d'ajuster la longueur lorsque tu fais du v\u00e9lo.<\/p>","protected":false},"featured_media":15599,"template":"","meta":[],"product_cat":[266,267,82,19,43],"product_tag":[244,250,94,256,240,241,229,237,70,69,248,254,265,247,263],"yoast_head":"<!-- This site is optimized with the Yoast SEO plugin v21.8 - https:\/\/yoast.com\/wordpress\/plugins\/seo\/ -->\n<title>Enspannte Recycelte Hose mit Gummibund, REFIBRA\u2122<\/title>\n<meta name=\"description\" content=\"Lockere und bequeme Hose, perfekt f\u00fcr Bewegung.\" \/>\n<meta name=\"robots\" content=\"index, follow, max-snippet:-1, max-image-preview:large, max-video-preview:-1\" \/>\n<link rel=\"canonical\" href=\"https:\/\/www.darynchook.com\/fr\/produit\/enspannte-recycelte-hose-mit-gummibund\/\" \/>\n<meta property=\"og:locale\" content=\"fr_FR\" \/>\n<meta property=\"og:type\" content=\"article\" \/>\n<meta property=\"og:title\" content=\"Enspannte Recycelte Hose mit Gummibund, REFIBRA\u2122\" \/>\n<meta property=\"og:description\" content=\"Lockere und bequeme Hose, perfekt f\u00fcr Bewegung.\" \/>\n<meta property=\"og:url\" content=\"https:\/\/www.darynchook.com\/fr\/produit\/enspannte-recycelte-hose-mit-gummibund\/\" \/>\n<meta property=\"og:site_name\" content=\"DARYN CHOOK | Made in Vienna\" \/>\n<meta property=\"article:publisher\" content=\"https:\/\/www.facebook.com\/darynchook\" \/>\n<meta property=\"article:modified_time\" content=\"2025-06-30T10:45:22+00:00\" \/>\n<meta property=\"og:image\" content=\"https:\/\/www.darynchook.com\/wordpress\/wp-content\/uploads\/2023\/11\/DARYNCHOOK-AMI-002U0106-trousers-women-blue4-2.jpg\" \/>\n\t<meta property=\"og:image:width\" content=\"590\" \/>\n\t<meta property=\"og:image:height\" content=\"885\" \/>\n\t<meta property=\"og:image:type\" content=\"image\/jpeg\" \/>\n<meta name=\"twitter:card\" content=\"summary_large_image\" \/>\n<meta name=\"twitter:label1\" content=\"Dur\u00e9e de lecture estim\u00e9e\" \/>\n\t<meta name=\"twitter:data1\" content=\"1 minute\" \/>\n<script type=\"application\/ld+json\" class=\"yoast-schema-graph\">{\"@context\":\"https:\/\/schema.org\",\"@graph\":[{\"@type\":\"WebPage\",\"@id\":\"https:\/\/www.darynchook.com\/produkt\/enspannte-recycelte-hose-mit-gummibund\/\",\"url\":\"https:\/\/www.darynchook.com\/produkt\/enspannte-recycelte-hose-mit-gummibund\/\",\"name\":\"Enspannte Recycelte Hose mit Gummibund, REFIBRA\u2122\",\"isPartOf\":{\"@id\":\"https:\/\/www.darynchook.com\/#website\"},\"datePublished\":\"2023-11-28T17:47:22+00:00\",\"dateModified\":\"2025-06-30T10:45:22+00:00\",\"description\":\"Lockere und bequeme Hose, perfekt f\u00fcr Bewegung.\",\"breadcrumb\":{\"@id\":\"https:\/\/www.darynchook.com\/produkt\/enspannte-recycelte-hose-mit-gummibund\/#breadcrumb\"},\"inLanguage\":\"fr-FR\",\"potentialAction\":[{\"@type\":\"ReadAction\",\"target\":[\"https:\/\/www.darynchook.com\/produkt\/enspannte-recycelte-hose-mit-gummibund\/\"]}]},{\"@type\":\"BreadcrumbList\",\"@id\":\"https:\/\/www.darynchook.com\/produkt\/enspannte-recycelte-hose-mit-gummibund\/#breadcrumb\",\"itemListElement\":[{\"@type\":\"ListItem\",\"position\":1,\"name\":\"Home\",\"item\":\"https:\/\/www.darynchook.com\/\"},{\"@type\":\"ListItem\",\"position\":2,\"name\":\"Shop\",\"item\":\"https:\/\/www.darynchook.com\/ua\/?page_id=6\"},{\"@type\":\"ListItem\",\"position\":3,\"name\":\"Enspannte Recycelte Hose mit Gummibund, REFIBRA\u2122\"}]},{\"@type\":\"WebSite\",\"@id\":\"https:\/\/www.darynchook.com\/#website\",\"url\":\"https:\/\/www.darynchook.com\/\",\"name\":\"DARYN CHOOK | Made in Vienna\",\"description\":\"DARYN CHOOK ist ein entschleunigtes, nachhaltiges und radikal transparentes Studio f\u00fcr Mode.\",\"publisher\":{\"@id\":\"https:\/\/www.darynchook.com\/#organization\"},\"potentialAction\":[{\"@type\":\"SearchAction\",\"target\":{\"@type\":\"EntryPoint\",\"urlTemplate\":\"https:\/\/www.darynchook.com\/?s={search_term_string}\"},\"query-input\":\"required name=search_term_string\"}],\"inLanguage\":\"fr-FR\"},{\"@type\":\"Organization\",\"@id\":\"https:\/\/www.darynchook.com\/#organization\",\"name\":\"DARYN CHOOK\",\"url\":\"https:\/\/www.darynchook.com\/\",\"logo\":{\"@type\":\"ImageObject\",\"inLanguage\":\"fr-FR\",\"@id\":\"https:\/\/www.darynchook.com\/#\/schema\/logo\/image\/\",\"url\":\"https:\/\/www.darynchook.com\/wordpress\/wp-content\/uploads\/2021\/10\/DARYN-CHOOK-logo.png\",\"contentUrl\":\"https:\/\/www.darynchook.com\/wordpress\/wp-content\/uploads\/2021\/10\/DARYN-CHOOK-logo.png\",\"width\":686,\"height\":171,\"caption\":\"DARYN CHOOK\"},\"image\":{\"@id\":\"https:\/\/www.darynchook.com\/#\/schema\/logo\/image\/\"},\"sameAs\":[\"https:\/\/www.facebook.com\/darynchook\",\"https:\/\/www.instagram.com\/darynchook\/\"]}]}<\/script>\n<!-- \/ Yoast SEO plugin. -->","yoast_head_json":{"title":"Enspannte Recycelte Hose mit Gummibund, REFIBRA\u2122","description":"Lockere und bequeme Hose, perfekt f\u00fcr Bewegung.","robots":{"index":"index","follow":"follow","max-snippet":"max-snippet:-1","max-image-preview":"max-image-preview:large","max-video-preview":"max-video-preview:-1"},"canonical":"https:\/\/www.darynchook.com\/fr\/produit\/enspannte-recycelte-hose-mit-gummibund\/","og_locale":"fr_FR","og_type":"article","og_title":"Enspannte Recycelte Hose mit Gummibund, REFIBRA\u2122","og_description":"Lockere und bequeme Hose, perfekt f\u00fcr Bewegung.","og_url":"https:\/\/www.darynchook.com\/fr\/produit\/enspannte-recycelte-hose-mit-gummibund\/","og_site_name":"DARYN CHOOK | Made in Vienna","article_publisher":"https:\/\/www.facebook.com\/darynchook","article_modified_time":"2025-06-30T10:45:22+00:00","og_image":[{"width":590,"height":885,"url":"https:\/\/www.darynchook.com\/wordpress\/wp-content\/uploads\/2023\/11\/DARYNCHOOK-AMI-002U0106-trousers-women-blue4-2.jpg","type":"image\/jpeg"}],"twitter_card":"summary_large_image","twitter_misc":{"Dur\u00e9e de lecture estim\u00e9e":"1 minute"},"schema":{"@context":"https:\/\/schema.org","@graph":[{"@type":"WebPage","@id":"https:\/\/www.darynchook.com\/produkt\/enspannte-recycelte-hose-mit-gummibund\/","url":"https:\/\/www.darynchook.com\/produkt\/enspannte-recycelte-hose-mit-gummibund\/","name":"Enspannte Recycelte Hose mit Gummibund, REFIBRA\u2122","isPartOf":{"@id":"https:\/\/www.darynchook.com\/#website"},"datePublished":"2023-11-28T17:47:22+00:00","dateModified":"2025-06-30T10:45:22+00:00","description":"Lockere und bequeme Hose, perfekt f\u00fcr Bewegung.","breadcrumb":{"@id":"https:\/\/www.darynchook.com\/produkt\/enspannte-recycelte-hose-mit-gummibund\/#breadcrumb"},"inLanguage":"fr-FR","potentialAction":[{"@type":"ReadAction","target":["https:\/\/www.darynchook.com\/produkt\/enspannte-recycelte-hose-mit-gummibund\/"]}]},{"@type":"BreadcrumbList","@id":"https:\/\/www.darynchook.com\/produkt\/enspannte-recycelte-hose-mit-gummibund\/#breadcrumb","itemListElement":[{"@type":"ListItem","position":1,"name":"Home","item":"https:\/\/www.darynchook.com\/"},{"@type":"ListItem","position":2,"name":"Shop","item":"https:\/\/www.darynchook.com\/ua\/?page_id=6"},{"@type":"ListItem","position":3,"name":"Enspannte Recycelte Hose mit Gummibund, REFIBRA\u2122"}]},{"@type":"WebSite","@id":"https:\/\/www.darynchook.com\/#website","url":"https:\/\/www.darynchook.com\/","name":"DARYN CHOOK | Made in Vienna","description":"DARYN CHOOK ist ein entschleunigtes, nachhaltiges und radikal transparentes Studio f\u00fcr Mode.","publisher":{"@id":"https:\/\/www.darynchook.com\/#organization"},"potentialAction":[{"@type":"SearchAction","target":{"@type":"EntryPoint","urlTemplate":"https:\/\/www.darynchook.com\/?s={search_term_string}"},"query-input":"required name=search_term_string"}],"inLanguage":"fr-FR"},{"@type":"Organization","@id":"https:\/\/www.darynchook.com\/#organization","name":"DARYN CHOOK","url":"https:\/\/www.darynchook.com\/","logo":{"@type":"ImageObject","inLanguage":"fr-FR","@id":"https:\/\/www.darynchook.com\/#\/schema\/logo\/image\/","url":"https:\/\/www.darynchook.com\/wordpress\/wp-content\/uploads\/2021\/10\/DARYN-CHOOK-logo.png","contentUrl":"https:\/\/www.darynchook.com\/wordpress\/wp-content\/uploads\/2021\/10\/DARYN-CHOOK-logo.png","width":686,"height":171,"caption":"DARYN CHOOK"},"image":{"@id":"https:\/\/www.darynchook.com\/#\/schema\/logo\/image\/"},"sameAs":["https:\/\/www.facebook.com\/darynchook","https:\/\/www.instagram.com\/darynchook\/"]}]}},"_links":{"self":[{"href":"https:\/\/www.darynchook.com\/fr\/wp-json\/wp\/v3\/product\/14698"}],"collection":[{"href":"https:\/\/www.darynchook.com\/fr\/wp-json\/wp\/v3\/product"}],"about":[{"href":"https:\/\/www.darynchook.com\/fr\/wp-json\/wp\/v2\/types\/product"}],"version-history":[{"count":9,"href":"https:\/\/www.darynchook.com\/fr\/wp-json\/wp\/v3\/product\/14698\/revisions"}],"predecessor-version":[{"id":15618,"href":"https:\/\/www.darynchook.com\/fr\/wp-json\/wp\/v3\/product\/14698\/revisions\/15618"}],"wp:featuredmedia":[{"embeddable":true,"href":"https:\/\/www.darynchook.com\/fr\/wp-json\/wp\/v2\/media\/15599"}],"wp:attachment":[{"href":"https:\/\/www.darynchook.com\/fr\/wp-json\/wp\/v2\/media?parent=14698"}],"wp:term":[{"taxonomy":"product_cat","embeddable":true,"href":"https:\/\/www.darynchook.com\/fr\/wp-json\/wp\/v2\/product_cat?post=14698"},{"taxonomy":"product_tag","embeddable":true,"href":"https:\/\/www.darynchook.com\/fr\/wp-json\/wp\/v2\/product_tag?post=14698"}],"curies":[{"name":"wp","href":"https:\/\/api.w.org\/{rel}","templated":true}]}}