{"id":4737,"date":"2021-10-10T22:29:57","date_gmt":"2021-10-10T20:29:57","guid":{"rendered":"https:\/\/solar.darynchook.com\/?post_type=product&#038;p=4737"},"modified":"2026-03-31T23:39:01","modified_gmt":"2026-03-31T21:39:01","slug":"lockeres-burohemd-eukalyptus","status":"publish","type":"product","link":"https:\/\/www.darynchook.com\/fr\/produit\/lockeres-burohemd-eukalyptus\/","title":{"rendered":"Chemise de bureau d\u00e9contract\u00e9e, eucalyptus"},"content":{"rendered":"","protected":false},"excerpt":{"rendered":"<p class=\"p1\">001.M.0303<\/p>\n<p class=\"p1\">La chemise de bureau d\u00e9contract\u00e9e \u00e0 la fonctionnalit\u00e9 discr\u00e8te s'int\u00e8gre sans peine dans le code vestimentaire, mais offre \u00e9galement d'excellentes propri\u00e9t\u00e9s sur le v\u00e9lo. Avec sa coupe droite, elle donne une sensation d'a\u00e9ration et de fra\u00eecheur. Le tissu Eucalyptus TENCEL\u2122 est respirant et \u00e9vacue efficacement les fluides corporels. Une poche poitrine pratique t'aide \u00e0 acc\u00e9der rapidement \u00e0 tes cartes de visite ou \u00e0 d'autres petits objets.<\/p>","protected":false},"featured_media":5245,"template":"","meta":[],"product_cat":[106,90,109,42,15],"product_tag":[244,250,241,229,237,243,264,248,254,73,265,247],"yoast_head":"<!-- This site is optimized with the Yoast SEO plugin v21.8 - https:\/\/yoast.com\/wordpress\/plugins\/seo\/ -->\n<title>Lockeres B\u00fcrohemd, Eukalyptus<\/title>\n<meta name=\"description\" content=\"Lockeres B\u00fcrohemd aus TENCEL\u2122. Hergestellt in Wien, \u00d6sterreich.\" \/>\n<meta name=\"robots\" content=\"index, follow, max-snippet:-1, max-image-preview:large, max-video-preview:-1\" \/>\n<link rel=\"canonical\" href=\"https:\/\/www.darynchook.com\/fr\/produit\/lockeres-burohemd-eukalyptus\/\" \/>\n<meta property=\"og:locale\" content=\"fr_FR\" \/>\n<meta property=\"og:type\" content=\"article\" \/>\n<meta property=\"og:title\" content=\"Lockeres B\u00fcrohemd, Eukalyptus\" \/>\n<meta property=\"og:description\" content=\"Lockeres B\u00fcrohemd aus TENCEL\u2122. Hergestellt in Wien, \u00d6sterreich.\" \/>\n<meta property=\"og:url\" content=\"https:\/\/www.darynchook.com\/fr\/produit\/lockeres-burohemd-eukalyptus\/\" \/>\n<meta property=\"og:site_name\" content=\"DARYN CHOOK | Made in Vienna\" \/>\n<meta property=\"article:publisher\" content=\"https:\/\/www.facebook.com\/darynchook\" \/>\n<meta property=\"article:modified_time\" content=\"2026-03-31T21:39:01+00:00\" \/>\n<meta property=\"og:image\" content=\"https:\/\/www.darynchook.com\/wordpress\/wp-content\/uploads\/2021\/10\/DARYNCHOOK-UNIFROM-001M0303-shirts-man-white1.jpg\" \/>\n\t<meta property=\"og:image:width\" content=\"590\" \/>\n\t<meta property=\"og:image:height\" content=\"885\" \/>\n\t<meta property=\"og:image:type\" content=\"image\/jpeg\" \/>\n<meta name=\"twitter:card\" content=\"summary_large_image\" \/>\n<meta name=\"twitter:label1\" content=\"Dur\u00e9e de lecture estim\u00e9e\" \/>\n\t<meta name=\"twitter:data1\" content=\"1 minute\" \/>\n<script type=\"application\/ld+json\" class=\"yoast-schema-graph\">{\"@context\":\"https:\/\/schema.org\",\"@graph\":[{\"@type\":\"WebPage\",\"@id\":\"https:\/\/www.darynchook.com\/produkt\/lockeres-burohemd-eukalyptus\/\",\"url\":\"https:\/\/www.darynchook.com\/produkt\/lockeres-burohemd-eukalyptus\/\",\"name\":\"Lockeres B\u00fcrohemd, Eukalyptus\",\"isPartOf\":{\"@id\":\"https:\/\/www.darynchook.com\/#website\"},\"datePublished\":\"2021-10-10T20:29:57+00:00\",\"dateModified\":\"2026-03-31T21:39:01+00:00\",\"description\":\"Lockeres B\u00fcrohemd aus TENCEL\u2122. Hergestellt in Wien, \u00d6sterreich.\",\"breadcrumb\":{\"@id\":\"https:\/\/www.darynchook.com\/produkt\/lockeres-burohemd-eukalyptus\/#breadcrumb\"},\"inLanguage\":\"fr-FR\",\"potentialAction\":[{\"@type\":\"ReadAction\",\"target\":[\"https:\/\/www.darynchook.com\/produkt\/lockeres-burohemd-eukalyptus\/\"]}]},{\"@type\":\"BreadcrumbList\",\"@id\":\"https:\/\/www.darynchook.com\/produkt\/lockeres-burohemd-eukalyptus\/#breadcrumb\",\"itemListElement\":[{\"@type\":\"ListItem\",\"position\":1,\"name\":\"Home\",\"item\":\"https:\/\/www.darynchook.com\/\"},{\"@type\":\"ListItem\",\"position\":2,\"name\":\"Shop\",\"item\":\"https:\/\/www.darynchook.com\/ua\/?page_id=6\"},{\"@type\":\"ListItem\",\"position\":3,\"name\":\"Lockeres B\u00fcrohemd, Eukalyptus\"}]},{\"@type\":\"WebSite\",\"@id\":\"https:\/\/www.darynchook.com\/#website\",\"url\":\"https:\/\/www.darynchook.com\/\",\"name\":\"DARYN CHOOK | Made in Vienna\",\"description\":\"DARYN CHOOK ist ein entschleunigtes, nachhaltiges und radikal transparentes Studio f\u00fcr Mode.\",\"publisher\":{\"@id\":\"https:\/\/www.darynchook.com\/#organization\"},\"potentialAction\":[{\"@type\":\"SearchAction\",\"target\":{\"@type\":\"EntryPoint\",\"urlTemplate\":\"https:\/\/www.darynchook.com\/?s={search_term_string}\"},\"query-input\":\"required name=search_term_string\"}],\"inLanguage\":\"fr-FR\"},{\"@type\":\"Organization\",\"@id\":\"https:\/\/www.darynchook.com\/#organization\",\"name\":\"DARYN CHOOK\",\"url\":\"https:\/\/www.darynchook.com\/\",\"logo\":{\"@type\":\"ImageObject\",\"inLanguage\":\"fr-FR\",\"@id\":\"https:\/\/www.darynchook.com\/#\/schema\/logo\/image\/\",\"url\":\"https:\/\/www.darynchook.com\/wordpress\/wp-content\/uploads\/2021\/10\/DARYN-CHOOK-logo.png\",\"contentUrl\":\"https:\/\/www.darynchook.com\/wordpress\/wp-content\/uploads\/2021\/10\/DARYN-CHOOK-logo.png\",\"width\":686,\"height\":171,\"caption\":\"DARYN CHOOK\"},\"image\":{\"@id\":\"https:\/\/www.darynchook.com\/#\/schema\/logo\/image\/\"},\"sameAs\":[\"https:\/\/www.facebook.com\/darynchook\",\"https:\/\/www.instagram.com\/darynchook\/\"]}]}<\/script>\n<!-- \/ Yoast SEO plugin. -->","yoast_head_json":{"title":"Lockeres B\u00fcrohemd, Eukalyptus","description":"Lockeres B\u00fcrohemd aus TENCEL\u2122. Hergestellt in Wien, \u00d6sterreich.","robots":{"index":"index","follow":"follow","max-snippet":"max-snippet:-1","max-image-preview":"max-image-preview:large","max-video-preview":"max-video-preview:-1"},"canonical":"https:\/\/www.darynchook.com\/fr\/produit\/lockeres-burohemd-eukalyptus\/","og_locale":"fr_FR","og_type":"article","og_title":"Lockeres B\u00fcrohemd, Eukalyptus","og_description":"Lockeres B\u00fcrohemd aus TENCEL\u2122. Hergestellt in Wien, \u00d6sterreich.","og_url":"https:\/\/www.darynchook.com\/fr\/produit\/lockeres-burohemd-eukalyptus\/","og_site_name":"DARYN CHOOK | Made in Vienna","article_publisher":"https:\/\/www.facebook.com\/darynchook","article_modified_time":"2026-03-31T21:39:01+00:00","og_image":[{"width":590,"height":885,"url":"https:\/\/www.darynchook.com\/wordpress\/wp-content\/uploads\/2021\/10\/DARYNCHOOK-UNIFROM-001M0303-shirts-man-white1.jpg","type":"image\/jpeg"}],"twitter_card":"summary_large_image","twitter_misc":{"Dur\u00e9e de lecture estim\u00e9e":"1 minute"},"schema":{"@context":"https:\/\/schema.org","@graph":[{"@type":"WebPage","@id":"https:\/\/www.darynchook.com\/produkt\/lockeres-burohemd-eukalyptus\/","url":"https:\/\/www.darynchook.com\/produkt\/lockeres-burohemd-eukalyptus\/","name":"Lockeres B\u00fcrohemd, Eukalyptus","isPartOf":{"@id":"https:\/\/www.darynchook.com\/#website"},"datePublished":"2021-10-10T20:29:57+00:00","dateModified":"2026-03-31T21:39:01+00:00","description":"Lockeres B\u00fcrohemd aus TENCEL\u2122. Hergestellt in Wien, \u00d6sterreich.","breadcrumb":{"@id":"https:\/\/www.darynchook.com\/produkt\/lockeres-burohemd-eukalyptus\/#breadcrumb"},"inLanguage":"fr-FR","potentialAction":[{"@type":"ReadAction","target":["https:\/\/www.darynchook.com\/produkt\/lockeres-burohemd-eukalyptus\/"]}]},{"@type":"BreadcrumbList","@id":"https:\/\/www.darynchook.com\/produkt\/lockeres-burohemd-eukalyptus\/#breadcrumb","itemListElement":[{"@type":"ListItem","position":1,"name":"Home","item":"https:\/\/www.darynchook.com\/"},{"@type":"ListItem","position":2,"name":"Shop","item":"https:\/\/www.darynchook.com\/ua\/?page_id=6"},{"@type":"ListItem","position":3,"name":"Lockeres B\u00fcrohemd, Eukalyptus"}]},{"@type":"WebSite","@id":"https:\/\/www.darynchook.com\/#website","url":"https:\/\/www.darynchook.com\/","name":"DARYN CHOOK | Made in Vienna","description":"DARYN CHOOK ist ein entschleunigtes, nachhaltiges und radikal transparentes Studio f\u00fcr Mode.","publisher":{"@id":"https:\/\/www.darynchook.com\/#organization"},"potentialAction":[{"@type":"SearchAction","target":{"@type":"EntryPoint","urlTemplate":"https:\/\/www.darynchook.com\/?s={search_term_string}"},"query-input":"required name=search_term_string"}],"inLanguage":"fr-FR"},{"@type":"Organization","@id":"https:\/\/www.darynchook.com\/#organization","name":"DARYN CHOOK","url":"https:\/\/www.darynchook.com\/","logo":{"@type":"ImageObject","inLanguage":"fr-FR","@id":"https:\/\/www.darynchook.com\/#\/schema\/logo\/image\/","url":"https:\/\/www.darynchook.com\/wordpress\/wp-content\/uploads\/2021\/10\/DARYN-CHOOK-logo.png","contentUrl":"https:\/\/www.darynchook.com\/wordpress\/wp-content\/uploads\/2021\/10\/DARYN-CHOOK-logo.png","width":686,"height":171,"caption":"DARYN CHOOK"},"image":{"@id":"https:\/\/www.darynchook.com\/#\/schema\/logo\/image\/"},"sameAs":["https:\/\/www.facebook.com\/darynchook","https:\/\/www.instagram.com\/darynchook\/"]}]}},"_links":{"self":[{"href":"https:\/\/www.darynchook.com\/fr\/wp-json\/wp\/v3\/product\/4737"}],"collection":[{"href":"https:\/\/www.darynchook.com\/fr\/wp-json\/wp\/v3\/product"}],"about":[{"href":"https:\/\/www.darynchook.com\/fr\/wp-json\/wp\/v2\/types\/product"}],"version-history":[{"count":1,"href":"https:\/\/www.darynchook.com\/fr\/wp-json\/wp\/v3\/product\/4737\/revisions"}],"predecessor-version":[{"id":14215,"href":"https:\/\/www.darynchook.com\/fr\/wp-json\/wp\/v3\/product\/4737\/revisions\/14215"}],"wp:featuredmedia":[{"embeddable":true,"href":"https:\/\/www.darynchook.com\/fr\/wp-json\/wp\/v2\/media\/5245"}],"wp:attachment":[{"href":"https:\/\/www.darynchook.com\/fr\/wp-json\/wp\/v2\/media?parent=4737"}],"wp:term":[{"taxonomy":"product_cat","embeddable":true,"href":"https:\/\/www.darynchook.com\/fr\/wp-json\/wp\/v2\/product_cat?post=4737"},{"taxonomy":"product_tag","embeddable":true,"href":"https:\/\/www.darynchook.com\/fr\/wp-json\/wp\/v2\/product_tag?post=4737"}],"curies":[{"name":"wp","href":"https:\/\/api.w.org\/{rel}","templated":true}]}}