{"id":4942,"date":"2021-10-10T23:24:34","date_gmt":"2021-10-10T21:24:34","guid":{"rendered":"https:\/\/solar.darynchook.com\/?post_type=product&#038;p=4942"},"modified":"2023-11-23T15:55:06","modified_gmt":"2023-11-23T14:55:06","slug":"luftiges-slim-fit-t-shirt-eukalyptus-women","status":"publish","type":"product","link":"https:\/\/www.darynchook.com\/ua\/product\/luftiges-slim-fit-t-shirt-eukalyptus-women\/","title":{"rendered":"\u041f\u043e\u0432\u0456\u0442\u0440\u044f\u043d\u0430 \u0444\u0443\u0442\u0431\u043e\u043b\u043a\u0430 \u0437 \u0442\u043e\u043d\u043a\u0438\u043c \u043a\u0440\u043e\u0454\u043c, Eucalyptus"},"content":{"rendered":"","protected":false},"excerpt":{"rendered":"<p class=\"p1\">001.W.0501<\/p>\n<p class=\"p1\">\u0424\u0443\u0442\u0431\u043e\u043b\u043a\u0430 Airy Slim - \u0446\u0435 \u043e\u0434\u044f\u0433 \u043f\u0440\u0435\u043c\u0456\u0443\u043c-\u043a\u043b\u0430\u0441\u0443 \u0437 \u043d\u0435\u0439\u043c\u043e\u0432\u0456\u0440\u043d\u043e\u044e \u043c'\u044f\u043a\u0456\u0441\u0442\u044e. \u0415\u0432\u043a\u0430\u043b\u0456\u043f\u0442\u043e\u0432\u0430 \u0442\u043a\u0430\u043d\u0438\u043d\u0430 TENCEL\u00ae \u043d\u0435 \u043b\u0438\u0448\u0435 \u0435\u043a\u043e\u043b\u043e\u0433\u0456\u0447\u043d\u043e \u0447\u0438\u0441\u0442\u0430, \u0430\u043b\u0435 \u0439 \u0430\u043d\u0442\u0438\u0431\u0430\u043a\u0442\u0435\u0440\u0456\u0430\u043b\u044c\u043d\u0430 \u0442\u0430 \u0441\u0442\u0456\u0439\u043a\u0430 \u0434\u043e \u043d\u0435\u043f\u0440\u0438\u0454\u043c\u043d\u0438\u0445 \u0437\u0430\u043f\u0430\u0445\u0456\u0432. \u0412\u043e\u043d\u0430 \u0456\u0434\u0435\u0430\u043b\u044c\u043d\u043e \u043f\u0456\u0434\u0445\u043e\u0434\u0438\u0442\u044c \u0434\u043b\u044f \u043f\u043e\u0432\u0441\u044f\u043a\u0434\u0435\u043d\u043d\u043e\u0433\u043e \u0430\u0431\u043e \u0441\u043f\u043e\u0440\u0442\u0438\u0432\u043d\u043e\u0433\u043e \u043e\u0431\u0440\u0430\u0437\u0443. \u041b\u0435\u0433\u0456\u043d\u0441\u0438 Breezy \u0456\u0437 \u0437\u0430\u043d\u0438\u0436\u0435\u043d\u043e\u044e \u0442\u0430\u043b\u0456\u0454\u044e \u0441\u0442\u0432\u043e\u0440\u044f\u0442\u044c \u0432\u0430\u0448 \u0456\u0434\u0435\u0430\u043b\u044c\u043d\u0438\u0439 \u043a\u043e\u043c\u043f\u043b\u0435\u043a\u0442 \u0434\u043b\u044f \u0437\u0430\u043d\u044f\u0442\u044c \u0439\u043e\u0433\u043e\u044e.<\/p>","protected":false},"featured_media":5952,"template":"","meta":[],"product_cat":[106,107,89,79,88,19,34],"product_tag":[244,253,240,237,243,248,228,254,255,73,265,247,263],"yoast_head":"<!-- This site is optimized with the Yoast SEO plugin v21.8 - https:\/\/yoast.com\/wordpress\/plugins\/seo\/ -->\n<title>Luftiges slim fit T-Shirt, Eukalyptus<\/title>\n<meta name=\"description\" content=\"Luftiges slim fit T-Shirt aus TENCEL\u2122. Hergestellt in Wien, \u00d6sterreich. F\u00fcr hei\u00dfe Tage in der Stadt und unterwegs konzipiert.\" \/>\n<meta name=\"robots\" content=\"index, follow, max-snippet:-1, max-image-preview:large, max-video-preview:-1\" \/>\n<link rel=\"canonical\" href=\"https:\/\/www.darynchook.com\/ua\/product\/luftiges-slim-fit-t-shirt-eukalyptus-women\/\" \/>\n<meta property=\"og:locale\" content=\"uk_UA\" \/>\n<meta property=\"og:type\" content=\"article\" \/>\n<meta property=\"og:title\" content=\"Luftiges slim fit T-Shirt, Eukalyptus\" \/>\n<meta property=\"og:description\" content=\"Luftiges slim fit T-Shirt aus TENCEL\u2122. Hergestellt in Wien, \u00d6sterreich. F\u00fcr hei\u00dfe Tage in der Stadt und unterwegs konzipiert.\" \/>\n<meta property=\"og:url\" content=\"https:\/\/www.darynchook.com\/ua\/product\/luftiges-slim-fit-t-shirt-eukalyptus-women\/\" \/>\n<meta property=\"og:site_name\" content=\"DARYN CHOOK | Made in Vienna\" \/>\n<meta property=\"article:publisher\" content=\"https:\/\/www.facebook.com\/darynchook\" \/>\n<meta property=\"article:modified_time\" content=\"2023-11-23T14:55:06+00:00\" \/>\n<meta property=\"og:image\" content=\"https:\/\/www.darynchook.com\/wordpress\/wp-content\/uploads\/2021\/10\/DARYNCHOOK-UNIFROM-001W0501-tshirt-women-black1.jpg\" \/>\n\t<meta property=\"og:image:width\" content=\"590\" \/>\n\t<meta property=\"og:image:height\" content=\"885\" \/>\n\t<meta property=\"og:image:type\" content=\"image\/jpeg\" \/>\n<meta name=\"twitter:card\" content=\"summary_large_image\" \/>\n<script type=\"application\/ld+json\" class=\"yoast-schema-graph\">{\"@context\":\"https:\/\/schema.org\",\"@graph\":[{\"@type\":\"WebPage\",\"@id\":\"https:\/\/www.darynchook.com\/produkt\/luftiges-slim-fit-t-shirt-eukalyptus-women\/\",\"url\":\"https:\/\/www.darynchook.com\/produkt\/luftiges-slim-fit-t-shirt-eukalyptus-women\/\",\"name\":\"Luftiges slim fit T-Shirt, Eukalyptus\",\"isPartOf\":{\"@id\":\"https:\/\/www.darynchook.com\/#website\"},\"datePublished\":\"2021-10-10T21:24:34+00:00\",\"dateModified\":\"2023-11-23T14:55:06+00:00\",\"description\":\"Luftiges slim fit T-Shirt aus TENCEL\u2122. Hergestellt in Wien, \u00d6sterreich. F\u00fcr hei\u00dfe Tage in der Stadt und unterwegs konzipiert.\",\"breadcrumb\":{\"@id\":\"https:\/\/www.darynchook.com\/produkt\/luftiges-slim-fit-t-shirt-eukalyptus-women\/#breadcrumb\"},\"inLanguage\":\"uk\",\"potentialAction\":[{\"@type\":\"ReadAction\",\"target\":[\"https:\/\/www.darynchook.com\/produkt\/luftiges-slim-fit-t-shirt-eukalyptus-women\/\"]}]},{\"@type\":\"BreadcrumbList\",\"@id\":\"https:\/\/www.darynchook.com\/produkt\/luftiges-slim-fit-t-shirt-eukalyptus-women\/#breadcrumb\",\"itemListElement\":[{\"@type\":\"ListItem\",\"position\":1,\"name\":\"Home\",\"item\":\"https:\/\/www.darynchook.com\/\"},{\"@type\":\"ListItem\",\"position\":2,\"name\":\"Shop\",\"item\":\"https:\/\/www.darynchook.com\/ua\/?page_id=6\"},{\"@type\":\"ListItem\",\"position\":3,\"name\":\"Luftiges slim fit T-Shirt, Eukalyptus\"}]},{\"@type\":\"WebSite\",\"@id\":\"https:\/\/www.darynchook.com\/#website\",\"url\":\"https:\/\/www.darynchook.com\/\",\"name\":\"DARYN CHOOK | Made in Vienna\",\"description\":\"DARYN CHOOK ist ein entschleunigtes, nachhaltiges und radikal transparentes Studio f\u00fcr Mode.\",\"publisher\":{\"@id\":\"https:\/\/www.darynchook.com\/#organization\"},\"potentialAction\":[{\"@type\":\"SearchAction\",\"target\":{\"@type\":\"EntryPoint\",\"urlTemplate\":\"https:\/\/www.darynchook.com\/?s={search_term_string}\"},\"query-input\":\"required name=search_term_string\"}],\"inLanguage\":\"uk\"},{\"@type\":\"Organization\",\"@id\":\"https:\/\/www.darynchook.com\/#organization\",\"name\":\"DARYN CHOOK\",\"url\":\"https:\/\/www.darynchook.com\/\",\"logo\":{\"@type\":\"ImageObject\",\"inLanguage\":\"uk\",\"@id\":\"https:\/\/www.darynchook.com\/#\/schema\/logo\/image\/\",\"url\":\"https:\/\/www.darynchook.com\/wordpress\/wp-content\/uploads\/2021\/10\/DARYN-CHOOK-logo.png\",\"contentUrl\":\"https:\/\/www.darynchook.com\/wordpress\/wp-content\/uploads\/2021\/10\/DARYN-CHOOK-logo.png\",\"width\":686,\"height\":171,\"caption\":\"DARYN CHOOK\"},\"image\":{\"@id\":\"https:\/\/www.darynchook.com\/#\/schema\/logo\/image\/\"},\"sameAs\":[\"https:\/\/www.facebook.com\/darynchook\",\"https:\/\/www.instagram.com\/darynchook\/\"]}]}<\/script>\n<!-- \/ Yoast SEO plugin. -->","yoast_head_json":{"title":"Luftiges slim fit T-Shirt, Eukalyptus","description":"Luftiges slim fit T-Shirt aus TENCEL\u2122. Hergestellt in Wien, \u00d6sterreich. F\u00fcr hei\u00dfe Tage in der Stadt und unterwegs konzipiert.","robots":{"index":"index","follow":"follow","max-snippet":"max-snippet:-1","max-image-preview":"max-image-preview:large","max-video-preview":"max-video-preview:-1"},"canonical":"https:\/\/www.darynchook.com\/ua\/product\/luftiges-slim-fit-t-shirt-eukalyptus-women\/","og_locale":"uk_UA","og_type":"article","og_title":"Luftiges slim fit T-Shirt, Eukalyptus","og_description":"Luftiges slim fit T-Shirt aus TENCEL\u2122. Hergestellt in Wien, \u00d6sterreich. F\u00fcr hei\u00dfe Tage in der Stadt und unterwegs konzipiert.","og_url":"https:\/\/www.darynchook.com\/ua\/product\/luftiges-slim-fit-t-shirt-eukalyptus-women\/","og_site_name":"DARYN CHOOK | Made in Vienna","article_publisher":"https:\/\/www.facebook.com\/darynchook","article_modified_time":"2023-11-23T14:55:06+00:00","og_image":[{"width":590,"height":885,"url":"https:\/\/www.darynchook.com\/wordpress\/wp-content\/uploads\/2021\/10\/DARYNCHOOK-UNIFROM-001W0501-tshirt-women-black1.jpg","type":"image\/jpeg"}],"twitter_card":"summary_large_image","schema":{"@context":"https:\/\/schema.org","@graph":[{"@type":"WebPage","@id":"https:\/\/www.darynchook.com\/produkt\/luftiges-slim-fit-t-shirt-eukalyptus-women\/","url":"https:\/\/www.darynchook.com\/produkt\/luftiges-slim-fit-t-shirt-eukalyptus-women\/","name":"Luftiges slim fit T-Shirt, Eukalyptus","isPartOf":{"@id":"https:\/\/www.darynchook.com\/#website"},"datePublished":"2021-10-10T21:24:34+00:00","dateModified":"2023-11-23T14:55:06+00:00","description":"Luftiges slim fit T-Shirt aus TENCEL\u2122. Hergestellt in Wien, \u00d6sterreich. F\u00fcr hei\u00dfe Tage in der Stadt und unterwegs konzipiert.","breadcrumb":{"@id":"https:\/\/www.darynchook.com\/produkt\/luftiges-slim-fit-t-shirt-eukalyptus-women\/#breadcrumb"},"inLanguage":"uk","potentialAction":[{"@type":"ReadAction","target":["https:\/\/www.darynchook.com\/produkt\/luftiges-slim-fit-t-shirt-eukalyptus-women\/"]}]},{"@type":"BreadcrumbList","@id":"https:\/\/www.darynchook.com\/produkt\/luftiges-slim-fit-t-shirt-eukalyptus-women\/#breadcrumb","itemListElement":[{"@type":"ListItem","position":1,"name":"Home","item":"https:\/\/www.darynchook.com\/"},{"@type":"ListItem","position":2,"name":"Shop","item":"https:\/\/www.darynchook.com\/ua\/?page_id=6"},{"@type":"ListItem","position":3,"name":"Luftiges slim fit T-Shirt, Eukalyptus"}]},{"@type":"WebSite","@id":"https:\/\/www.darynchook.com\/#website","url":"https:\/\/www.darynchook.com\/","name":"DARYN CHOOK | Made in Vienna","description":"DARYN CHOOK ist ein entschleunigtes, nachhaltiges und radikal transparentes Studio f\u00fcr Mode.","publisher":{"@id":"https:\/\/www.darynchook.com\/#organization"},"potentialAction":[{"@type":"SearchAction","target":{"@type":"EntryPoint","urlTemplate":"https:\/\/www.darynchook.com\/?s={search_term_string}"},"query-input":"required name=search_term_string"}],"inLanguage":"uk"},{"@type":"Organization","@id":"https:\/\/www.darynchook.com\/#organization","name":"DARYN CHOOK","url":"https:\/\/www.darynchook.com\/","logo":{"@type":"ImageObject","inLanguage":"uk","@id":"https:\/\/www.darynchook.com\/#\/schema\/logo\/image\/","url":"https:\/\/www.darynchook.com\/wordpress\/wp-content\/uploads\/2021\/10\/DARYN-CHOOK-logo.png","contentUrl":"https:\/\/www.darynchook.com\/wordpress\/wp-content\/uploads\/2021\/10\/DARYN-CHOOK-logo.png","width":686,"height":171,"caption":"DARYN CHOOK"},"image":{"@id":"https:\/\/www.darynchook.com\/#\/schema\/logo\/image\/"},"sameAs":["https:\/\/www.facebook.com\/darynchook","https:\/\/www.instagram.com\/darynchook\/"]}]}},"_links":{"self":[{"href":"https:\/\/www.darynchook.com\/ua\/wp-json\/wp\/v3\/product\/4942"}],"collection":[{"href":"https:\/\/www.darynchook.com\/ua\/wp-json\/wp\/v3\/product"}],"about":[{"href":"https:\/\/www.darynchook.com\/ua\/wp-json\/wp\/v2\/types\/product"}],"version-history":[{"count":2,"href":"https:\/\/www.darynchook.com\/ua\/wp-json\/wp\/v3\/product\/4942\/revisions"}],"predecessor-version":[{"id":14620,"href":"https:\/\/www.darynchook.com\/ua\/wp-json\/wp\/v3\/product\/4942\/revisions\/14620"}],"wp:featuredmedia":[{"embeddable":true,"href":"https:\/\/www.darynchook.com\/ua\/wp-json\/wp\/v2\/media\/5952"}],"wp:attachment":[{"href":"https:\/\/www.darynchook.com\/ua\/wp-json\/wp\/v2\/media?parent=4942"}],"wp:term":[{"taxonomy":"product_cat","embeddable":true,"href":"https:\/\/www.darynchook.com\/ua\/wp-json\/wp\/v2\/product_cat?post=4942"},{"taxonomy":"product_tag","embeddable":true,"href":"https:\/\/www.darynchook.com\/ua\/wp-json\/wp\/v2\/product_tag?post=4942"}],"curies":[{"name":"wp","href":"https:\/\/api.w.org\/{rel}","templated":true}]}}